{"id":910,"date":"2025-07-24T09:44:51","date_gmt":"2025-07-24T07:44:51","guid":{"rendered":"https:\/\/visebois.be\/?page_id=910"},"modified":"2026-03-31T11:50:42","modified_gmt":"2026-03-31T09:50:42","slug":"portes-et-parquet","status":"publish","type":"page","link":"https:\/\/visebois.be\/nl\/portes-et-parquet\/","title":{"rendered":"Deuren en vloeren"},"content":{"rendered":"<div data-elementor-type=\"wp-page\" data-elementor-id=\"910\" class=\"elementor elementor-910\" data-elementor-post-type=\"page\">\n\t\t\t\t<div class=\"elementor-element elementor-element-76b503f e-flex e-con-boxed e-con e-parent\" data-id=\"76b503f\" data-element_type=\"container\" data-e-type=\"container\" data-settings=\"{&quot;background_background&quot;:&quot;classic&quot;}\">\n\t\t\t\t\t<div class=\"e-con-inner\">\n\t\t\t\t<div class=\"elementor-element elementor-element-9d4f813 elementor-widget elementor-widget-heading\" data-id=\"9d4f813\" data-element_type=\"widget\" data-e-type=\"widget\" data-widget_type=\"heading.default\">\n\t\t\t\t<div class=\"elementor-widget-container\">\n\t\t\t\t\t<h1 class=\"elementor-heading-title elementor-size-default\">Deuren en vloeren<\/h1>\t\t\t\t<\/div>\n\t\t\t\t<\/div>\n\t\t\t\t<div class=\"elementor-element elementor-element-ac250c8 elementor-widget-divider--view-line elementor-widget elementor-widget-divider\" data-id=\"ac250c8\" data-element_type=\"widget\" data-e-type=\"widget\" data-widget_type=\"divider.default\">\n\t\t\t\t<div class=\"elementor-widget-container\">\n\t\t\t\t\t\t\t<div class=\"elementor-divider\">\n\t\t\t<span class=\"elementor-divider-separator\">\n\t\t\t\t\t\t<\/span>\n\t\t<\/div>\n\t\t\t\t\t\t<\/div>\n\t\t\t\t<\/div>\n\t\t\t\t<div class=\"elementor-element elementor-element-c96b05f elementor-widget elementor-widget-heading\" data-id=\"c96b05f\" data-element_type=\"widget\" data-e-type=\"widget\" data-widget_type=\"heading.default\">\n\t\t\t\t<div class=\"elementor-widget-container\">\n\t\t\t\t\t<h2 class=\"elementor-heading-title elementor-size-default\">De beste keuzes voor jouw project <\/h2>\t\t\t\t<\/div>\n\t\t\t\t<\/div>\n\t\t\t\t<div class=\"elementor-element elementor-element-3164caa elementor-align-center elementor-widget elementor-widget-button\" data-id=\"3164caa\" data-element_type=\"widget\" data-e-type=\"widget\" data-widget_type=\"button.default\">\n\t\t\t\t<div class=\"elementor-widget-container\">\n\t\t\t\t\t\t\t\t\t<div class=\"elementor-button-wrapper\">\n\t\t\t\t\t<a class=\"elementor-button elementor-button-link elementor-size-sm elementor-animation-shrink\" href=\"https:\/\/visebois.be\/nl\/contact\/\">\n\t\t\t\t\t\t<span class=\"elementor-button-content-wrapper\">\n\t\t\t\t\t\t\t\t\t<span class=\"elementor-button-text\">Neem contact met ons op<\/span>\n\t\t\t\t\t<\/span>\n\t\t\t\t\t<\/a>\n\t\t\t\t<\/div>\n\t\t\t\t\t\t\t\t<\/div>\n\t\t\t\t<\/div>\n\t\t\t\t\t<\/div>\n\t\t\t\t<\/div>\n\t\t<div class=\"elementor-element elementor-element-b30e558 e-flex e-con-boxed e-con e-parent\" data-id=\"b30e558\" data-element_type=\"container\" data-e-type=\"container\">\n\t\t\t\t\t<div class=\"e-con-inner\">\n\t\t\t\t<div class=\"elementor-element elementor-element-3e910be elementor-widget elementor-widget-heading\" data-id=\"3e910be\" data-element_type=\"widget\" data-e-type=\"widget\" data-widget_type=\"heading.default\">\n\t\t\t\t<div class=\"elementor-widget-container\">\n\t\t\t\t\t<h2 class=\"elementor-heading-title elementor-size-default\">KIES VOOR ELEGANTE ZWARTE DEUREN\n<\/h2>\t\t\t\t<\/div>\n\t\t\t\t<\/div>\n\t\t\t\t<div class=\"elementor-element elementor-element-3b6ae76 elementor-widget-divider--view-line elementor-widget elementor-widget-divider\" data-id=\"3b6ae76\" data-element_type=\"widget\" data-e-type=\"widget\" data-widget_type=\"divider.default\">\n\t\t\t\t<div class=\"elementor-widget-container\">\n\t\t\t\t\t\t\t<div class=\"elementor-divider\">\n\t\t\t<span class=\"elementor-divider-separator\">\n\t\t\t\t\t\t<\/span>\n\t\t<\/div>\n\t\t\t\t\t\t<\/div>\n\t\t\t\t<\/div>\n\t\t\t\t<div class=\"elementor-element elementor-element-30b75e6 elementor-widget elementor-widget-heading\" data-id=\"30b75e6\" data-element_type=\"widget\" data-e-type=\"widget\" data-widget_type=\"heading.default\">\n\t\t\t\t<div class=\"elementor-widget-container\">\n\t\t\t\t\t<h3 class=\"elementor-heading-title elementor-size-default\">Tijdloos ontwerp en zorgvuldige afwerking\n\n<\/h3>\t\t\t\t<\/div>\n\t\t\t\t<\/div>\n\t\t\t\t<div class=\"elementor-element elementor-element-c027e19 elementor-widget elementor-widget-text-editor\" data-id=\"c027e19\" data-element_type=\"widget\" data-e-type=\"widget\" data-widget_type=\"text-editor.default\">\n\t\t\t\t<div class=\"elementor-widget-container\">\n\t\t\t\t\t\t\t\t\t<p data-start=\"333\" data-end=\"367\"><strong data-start=\"333\" data-end=\"367\">Svedex collectie elegant zwart<\/strong><\/p><p data-start=\"369\" data-end=\"666\">Bij Vis&amp;Bois in Vis\u00e9 bieden we je een verfijnde selectie zwarte binnendeuren met een moderne, gestroomlijnde stijl. Dankzij hun diepmatte afwerking (RAL 9005) in Superlak\u00ae lak geven deze deuren karakter aan alle soorten interieurs - van de industri\u00eble look tot de meer klassieke stijl.<\/p><p data-start=\"670\" data-end=\"925\">Ontdek onze gamma's glazen of massieve deuren: Cameo, Frame, Nova Design... met verschillende beschikbare modellen (CE04, FR512, NDB905...).<br data-start=\"808\" data-end=\"811\" \/>Dankzij hun topkwaliteit zijn ze bestand tegen krassen en UV-stralen en behouden ze na verloop van tijd hun elegantie.<\/p><p data-start=\"927\" data-end=\"963\"><strong data-start=\"927\" data-end=\"963\">Zwart dat lang meegaat, gegarandeerd voor 10 jaar<\/strong><\/p><p data-start=\"965\" data-end=\"1207\">Svedex Superlak\u00ae lakken bieden een onberispelijke afwerking en een uitzonderlijke weerstand. Alle modellen zijn verkrijgbaar in alpinewit, extra wit en diepzwart. Neem contact met ons op voor meer informatie of om onze stalen in Vis\u00e9 te zien.<\/p>\t\t\t\t\t\t\t\t<\/div>\n\t\t\t\t<\/div>\n\t\t\t\t\t<\/div>\n\t\t\t\t<\/div>\n\t\t<div class=\"elementor-element elementor-element-2d30d8f e-con-full e-flex e-con e-parent\" data-id=\"2d30d8f\" data-element_type=\"container\" data-e-type=\"container\">\n\t\t\t\t<div class=\"elementor-element elementor-element-db388a7 elementor-arrows-position-inside elementor-widget elementor-widget-image-carousel\" data-id=\"db388a7\" data-element_type=\"widget\" data-e-type=\"widget\" data-settings=\"{&quot;slides_to_show&quot;:&quot;5&quot;,&quot;slides_to_scroll&quot;:&quot;2&quot;,&quot;navigation&quot;:&quot;arrows&quot;,&quot;lazyload&quot;:&quot;yes&quot;,&quot;pause_on_hover&quot;:&quot;no&quot;,&quot;image_spacing_custom&quot;:{&quot;unit&quot;:&quot;px&quot;,&quot;size&quot;:10,&quot;sizes&quot;:[]},&quot;slides_to_show_tablet&quot;:&quot;4&quot;,&quot;slides_to_show_mobile&quot;:&quot;2&quot;,&quot;slides_to_scroll_mobile&quot;:&quot;2&quot;,&quot;autoplay&quot;:&quot;yes&quot;,&quot;pause_on_interaction&quot;:&quot;yes&quot;,&quot;autoplay_speed&quot;:5000,&quot;infinite&quot;:&quot;yes&quot;,&quot;speed&quot;:500,&quot;image_spacing_custom_tablet&quot;:{&quot;unit&quot;:&quot;px&quot;,&quot;size&quot;:&quot;&quot;,&quot;sizes&quot;:[]},&quot;image_spacing_custom_mobile&quot;:{&quot;unit&quot;:&quot;px&quot;,&quot;size&quot;:&quot;&quot;,&quot;sizes&quot;:[]}}\" data-widget_type=\"image-carousel.default\">\n\t\t\t\t<div class=\"elementor-widget-container\">\n\t\t\t\t\t\t\t<div class=\"elementor-image-carousel-wrapper swiper\" role=\"region\" aria-roledescription=\"carousel\" aria-label=\"Afbeeldingencarrousel\" dir=\"ltr\">\n\t\t\t<div class=\"elementor-image-carousel swiper-wrapper\" aria-live=\"off\">\n\t\t\t\t\t\t\t\t<div class=\"swiper-slide\" role=\"group\" aria-roledescription=\"slide\" aria-label=\"1 van 4\"><figure class=\"swiper-slide-inner\"><img class=\"swiper-slide-image swiper-lazy\" data-src=\"https:\/\/visebois.be\/wp-content\/uploads\/elementor\/thumbs\/image00042-scaled-r97ywr1uewrel1cyrmpz7b97n2c7l9x7fs9d2c3rts.jpeg\" alt=\"image00042\" \/><div class=\"swiper-lazy-preloader\"><\/div><\/figure><\/div><div class=\"swiper-slide\" role=\"group\" aria-roledescription=\"slide\" aria-label=\"2 sur 4\"><figure class=\"swiper-slide-inner\"><img class=\"swiper-slide-image swiper-lazy\" data-src=\"https:\/\/visebois.be\/wp-content\/uploads\/elementor\/thumbs\/image00043-scaled-r97yx639g9bzqsr4bt80b7gl58a30fkwtup4qrhh28.jpeg\" alt=\"image00043\" \/><div class=\"swiper-lazy-preloader\"><\/div><\/figure><\/div><div class=\"swiper-slide\" role=\"group\" aria-roledescription=\"slide\" aria-label=\"3 op 4\"><figure class=\"swiper-slide-inner\"><img class=\"swiper-slide-image swiper-lazy\" data-src=\"https:\/\/visebois.be\/wp-content\/uploads\/elementor\/thumbs\/image00044-scaled-r97yxl4ohlwkwk59vzq1f3nyne7yfl8m7x4wf6v6ao.jpeg\" alt=\"image00044\" \/><div class=\"swiper-lazy-preloader\"><\/div><\/figure><\/div><div class=\"swiper-slide\" role=\"group\" aria-roledescription=\"slide\" aria-label=\"4 sur 4\"><figure class=\"swiper-slide-inner\"><img class=\"swiper-slide-image swiper-lazy\" data-src=\"https:\/\/visebois.be\/wp-content\/uploads\/elementor\/thumbs\/image00040-scaled-r97yy063iyh62bjfg682izvc5k5tuqwblzko3m8vj4.jpeg\" alt=\"image00040\" \/><div class=\"swiper-lazy-preloader\"><\/div><\/figure><\/div>\t\t\t<\/div>\n\t\t\t\t\t\t\t\t\t\t\t\t<div class=\"elementor-swiper-button elementor-swiper-button-prev\" role=\"button\" tabindex=\"0\">\n\t\t\t\t\t\t<i aria-hidden=\"true\" class=\"eicon-chevron-left\"><\/i>\t\t\t\t\t<\/div>\n\t\t\t\t\t<div class=\"elementor-swiper-button elementor-swiper-button-next\" role=\"button\" tabindex=\"0\">\n\t\t\t\t\t\t<i aria-hidden=\"true\" class=\"eicon-chevron-right\"><\/i>\t\t\t\t\t<\/div>\n\t\t\t\t\n\t\t\t\t\t\t\t\t\t<\/div>\n\t\t\t\t\t\t<\/div>\n\t\t\t\t<\/div>\n\t\t\t\t<\/div>\n\t\t<div class=\"elementor-element elementor-element-361f379 e-flex e-con-boxed e-con e-parent\" data-id=\"361f379\" data-element_type=\"container\" data-e-type=\"container\">\n\t\t\t\t\t<div class=\"e-con-inner\">\n\t\t\t\t<div class=\"elementor-element elementor-element-93677f3 elementor-widget elementor-widget-heading\" data-id=\"93677f3\" data-element_type=\"widget\" data-e-type=\"widget\" data-widget_type=\"heading.default\">\n\t\t\t\t<div class=\"elementor-widget-container\">\n\t\t\t\t\t<h2 class=\"elementor-heading-title elementor-size-default\">ACCESSOIRES EN AFWERKINGEN VOOR EEN PERFECT GECO\u00d6RDINEERDE LOOK\n<\/h2>\t\t\t\t<\/div>\n\t\t\t\t<\/div>\n\t\t\t\t<div class=\"elementor-element elementor-element-5fb25ff elementor-widget-divider--view-line elementor-widget elementor-widget-divider\" data-id=\"5fb25ff\" data-element_type=\"widget\" data-e-type=\"widget\" data-widget_type=\"divider.default\">\n\t\t\t\t<div class=\"elementor-widget-container\">\n\t\t\t\t\t\t\t<div class=\"elementor-divider\">\n\t\t\t<span class=\"elementor-divider-separator\">\n\t\t\t\t\t\t<\/span>\n\t\t<\/div>\n\t\t\t\t\t\t<\/div>\n\t\t\t\t<\/div>\n\t\t\t\t<div class=\"elementor-element elementor-element-d0dd1c3 elementor-widget elementor-widget-heading\" data-id=\"d0dd1c3\" data-element_type=\"widget\" data-e-type=\"widget\" data-widget_type=\"heading.default\">\n\t\t\t\t<div class=\"elementor-widget-container\">\n\t\t\t\t\t<h3 class=\"elementor-heading-title elementor-size-default\">Bijpassende zwarte frames, handgrepen en scharnieren\n\n\n<\/h3>\t\t\t\t<\/div>\n\t\t\t\t<\/div>\n\t\t\t\t<div class=\"elementor-element elementor-element-08a42b0 elementor-widget elementor-widget-text-editor\" data-id=\"08a42b0\" data-element_type=\"widget\" data-e-type=\"widget\" data-widget_type=\"text-editor.default\">\n\t\t\t\t<div class=\"elementor-widget-container\">\n\t\t\t\t\t\t\t\t\t<p data-start=\"1334\" data-end=\"1372\"><strong data-start=\"1334\" data-end=\"1372\">Details die het verschil maken<\/strong><\/p><p data-start=\"1374\" data-end=\"1648\">Bij Vis&amp;Bois helpen we je met elk detail, met ons complete assortiment accessoires voor Svedex-deuren. Voor een elegante zwarte 100 % afwerking bieden we 15 mm De Luxe kozijnen, zwarte scharnieren en een ruime keuze aan design handgrepen.<\/p><p data-start=\"1650\" data-end=\"1854\">Onze handgrepen (Live, Lounge, Vogue...) passen perfect bij Nova Design deuren. Alle kaders en scharnieren zijn verkrijgbaar in diepzwart voor een harmonieuze, moderne look.<\/p><p data-start=\"1856\" data-end=\"1890\"><strong data-start=\"1856\" data-end=\"1890\">Mix &amp; Match of een totaal zwarte look<\/strong><\/p><p data-start=\"1892\" data-end=\"2139\">Je kunt zwarte deuren combineren met witte kozijnen voor een industrieel contrast, of kiezen voor een volledig zwarte afwerking. Ons team staat voor je klaar om je te begeleiden bij je esthetische en technische keuzes.<\/p>\t\t\t\t\t\t\t\t<\/div>\n\t\t\t\t<\/div>\n\t\t\t\t\t<\/div>\n\t\t\t\t<\/div>\n\t\t<div class=\"elementor-element elementor-element-472c001 e-flex e-con-boxed e-con e-parent\" data-id=\"472c001\" data-element_type=\"container\" data-e-type=\"container\" data-settings=\"{&quot;background_background&quot;:&quot;classic&quot;}\">\n\t\t\t\t\t<div class=\"e-con-inner\">\n\t\t<div class=\"elementor-element elementor-element-837fbd6 e-con-full e-flex e-con e-child\" data-id=\"837fbd6\" data-element_type=\"container\" data-e-type=\"container\">\n\t\t\t\t<div class=\"elementor-element elementor-element-73806d6 elementor-widget elementor-widget-image\" data-id=\"73806d6\" data-element_type=\"widget\" data-e-type=\"widget\" data-widget_type=\"image.default\">\n\t\t\t\t<div class=\"elementor-widget-container\">\n\t\t\t\t\t\t\t\t\t\t\t\t\t\t\t\t<a href=\"https:\/\/www.svedex.be\/fr\/\" target=\"_blank\" rel=\"noopener\">\n\t\t\t\t\t\t\t<img decoding=\"async\" width=\"113\" height=\"26\" src=\"https:\/\/visebois.be\/wp-content\/uploads\/logo-be.png\" class=\"attachment-large size-large wp-image-932\" alt=\",\" srcset=\"https:\/\/visebois.be\/wp-content\/uploads\/logo-be.png 113w, https:\/\/visebois.be\/wp-content\/uploads\/logo-be-18x4.png 18w\" sizes=\"(max-width: 113px) 100vw, 113px\" title=\"\">\t\t\t\t\t\t\t\t<\/a>\n\t\t\t\t\t\t\t\t\t\t\t\t\t\t\t<\/div>\n\t\t\t\t<\/div>\n\t\t\t\t<\/div>\n\t\t<div class=\"elementor-element elementor-element-d7ed904 e-con-full e-flex e-con e-child\" data-id=\"d7ed904\" data-element_type=\"container\" data-e-type=\"container\">\n\t\t\t\t<div class=\"elementor-element elementor-element-7f00dfb elementor-widget elementor-widget-image\" data-id=\"7f00dfb\" data-element_type=\"widget\" data-e-type=\"widget\" data-widget_type=\"image.default\">\n\t\t\t\t<div class=\"elementor-widget-container\">\n\t\t\t\t\t\t\t\t\t\t\t\t\t\t\t\t<a href=\"https:\/\/www.frabeldoors.be\/\" target=\"_blank\" rel=\"noopener\">\n\t\t\t\t\t\t\t<img fetchpriority=\"high\" decoding=\"async\" width=\"345\" height=\"145\" src=\"https:\/\/visebois.be\/wp-content\/uploads\/1672664480.png\" class=\"attachment-large size-large wp-image-945\" alt=\",\" srcset=\"https:\/\/visebois.be\/wp-content\/uploads\/1672664480.png 345w, https:\/\/visebois.be\/wp-content\/uploads\/1672664480-18x8.png 18w\" sizes=\"(max-width: 345px) 100vw, 345px\" title=\"\">\t\t\t\t\t\t\t\t<\/a>\n\t\t\t\t\t\t\t\t\t\t\t\t\t\t\t<\/div>\n\t\t\t\t<\/div>\n\t\t\t\t<\/div>\n\t\t\t\t\t<\/div>\n\t\t\t\t<\/div>\n\t\t<div class=\"elementor-element elementor-element-ab2f77a e-flex e-con-boxed e-con e-parent\" data-id=\"ab2f77a\" data-element_type=\"container\" data-e-type=\"container\" data-settings=\"{&quot;background_background&quot;:&quot;classic&quot;}\">\n\t\t\t\t\t<div class=\"e-con-inner\">\n\t\t\t\t<div class=\"elementor-element elementor-element-77ed292 elementor-widget elementor-widget-text-editor\" data-id=\"77ed292\" data-element_type=\"widget\" data-e-type=\"widget\" data-widget_type=\"text-editor.default\">\n\t\t\t\t<div class=\"elementor-widget-container\">\n\t\t\t\t\t\t\t\t\t<p data-start=\"171\" data-end=\"375\"><strong data-start=\"171\" data-end=\"245\">Op zoek naar de perfecte parketvloer of deuren voor je huis?<\/strong><br data-start=\"245\" data-end=\"248\" \/>Vis&amp;Bois in Vis\u00e9 biedt je persoonlijk advies en kwaliteitsoplossingen op maat van jouw behoeften en budget.<\/p><p data-start=\"377\" data-end=\"503\"><strong data-start=\"377\" data-end=\"423\">Neem rechtstreeks per e-mail contact op met Claudio<\/strong> <a class=\"cursor-pointer\" href=\"mailto:claudio@visebois.be\" rel=\"noopener\" data-start=\"424\" data-end=\"473\">claudio@visebois.be<\/a> <strong data-start=\"474\" data-end=\"503\">voor meer informatie.<\/strong><\/p>\t\t\t\t\t\t\t\t<\/div>\n\t\t\t\t<\/div>\n\t\t\t\t<div class=\"elementor-element elementor-element-414fc73 elementor-widget-divider--view-line elementor-widget elementor-widget-divider\" data-id=\"414fc73\" data-element_type=\"widget\" data-e-type=\"widget\" data-widget_type=\"divider.default\">\n\t\t\t\t<div class=\"elementor-widget-container\">\n\t\t\t\t\t\t\t<div class=\"elementor-divider\">\n\t\t\t<span class=\"elementor-divider-separator\">\n\t\t\t\t\t\t<\/span>\n\t\t<\/div>\n\t\t\t\t\t\t<\/div>\n\t\t\t\t<\/div>\n\t\t<div class=\"elementor-element elementor-element-57425ec e-flex e-con-boxed e-con e-child\" data-id=\"57425ec\" data-element_type=\"container\" data-e-type=\"container\">\n\t\t\t\t\t<div class=\"e-con-inner\">\n\t\t\t\t<div class=\"elementor-element elementor-element-dd643f9 elementor-align-center elementor-widget elementor-widget-button\" data-id=\"dd643f9\" data-element_type=\"widget\" data-e-type=\"widget\" data-widget_type=\"button.default\">\n\t\t\t\t<div class=\"elementor-widget-container\">\n\t\t\t\t\t\t\t\t\t<div class=\"elementor-button-wrapper\">\n\t\t\t\t\t<a class=\"elementor-button elementor-button-link elementor-size-sm elementor-animation-shrink\" href=\"mailto:claudio@visebois.be\">\n\t\t\t\t\t\t<span class=\"elementor-button-content-wrapper\">\n\t\t\t\t\t\t\t\t\t<span class=\"elementor-button-text\">Ik heb informatie nodig<\/span>\n\t\t\t\t\t<\/span>\n\t\t\t\t\t<\/a>\n\t\t\t\t<\/div>\n\t\t\t\t\t\t\t\t<\/div>\n\t\t\t\t<\/div>\n\t\t\t\t<div class=\"elementor-element elementor-element-11e2793 elementor-align-center elementor-widget elementor-widget-button\" data-id=\"11e2793\" data-element_type=\"widget\" data-e-type=\"widget\" data-widget_type=\"button.default\">\n\t\t\t\t<div class=\"elementor-widget-container\">\n\t\t\t\t\t\t\t\t\t<div class=\"elementor-button-wrapper\">\n\t\t\t\t\t<a class=\"elementor-button elementor-button-link elementor-size-sm elementor-animation-shrink\" href=\"https:\/\/visebois.be\/nl\/services-visbois-a-vise-decoupe-pliage-affutage-cles\/\">\n\t\t\t\t\t\t<span class=\"elementor-button-content-wrapper\">\n\t\t\t\t\t\t\t\t\t<span class=\"elementor-button-text\">Ontdek onze diensten<\/span>\n\t\t\t\t\t<\/span>\n\t\t\t\t\t<\/a>\n\t\t\t\t<\/div>\n\t\t\t\t\t\t\t\t<\/div>\n\t\t\t\t<\/div>\n\t\t\t\t\t<\/div>\n\t\t\t\t<\/div>\n\t\t\t\t\t<\/div>\n\t\t\t\t<\/div>\n\t\t\t\t<\/div>","protected":false},"excerpt":{"rendered":"<p>Portes et Parquet Les meilleurs choix pour votre projet Contactez-nous OPTEZ POUR DES PORTES NOIRES AU STYLE \u00c9L\u00c9GANT Design intemporel et finitions soign\u00e9es Collection Svedex Noir \u00c9l\u00e9gant Chez Vis&amp;Bois \u00e0 Vis\u00e9, nous vous proposons une s\u00e9lection raffin\u00e9e de portes int\u00e9rieures noires au style moderne et \u00e9pur\u00e9. Gr\u00e2ce \u00e0 leur finition mat profond (RAL 9005) en [&hellip;]<\/p>\n","protected":false},"author":1,"featured_media":0,"parent":0,"menu_order":0,"comment_status":"closed","ping_status":"closed","template":"elementor_header_footer","meta":{"footnotes":""},"class_list":["post-910","page","type-page","status-publish","hentry"],"_links":{"self":[{"href":"https:\/\/visebois.be\/nl\/wp-json\/wp\/v2\/pages\/910","targetHints":{"allow":["GET"]}}],"collection":[{"href":"https:\/\/visebois.be\/nl\/wp-json\/wp\/v2\/pages"}],"about":[{"href":"https:\/\/visebois.be\/nl\/wp-json\/wp\/v2\/types\/page"}],"author":[{"embeddable":true,"href":"https:\/\/visebois.be\/nl\/wp-json\/wp\/v2\/users\/1"}],"replies":[{"embeddable":true,"href":"https:\/\/visebois.be\/nl\/wp-json\/wp\/v2\/comments?post=910"}],"version-history":[{"count":0,"href":"https:\/\/visebois.be\/nl\/wp-json\/wp\/v2\/pages\/910\/revisions"}],"wp:attachment":[{"href":"https:\/\/visebois.be\/nl\/wp-json\/wp\/v2\/media?parent=910"}],"curies":[{"name":"wp","href":"https:\/\/api.w.org\/{rel}","templated":true}]}}