{"id":215,"date":"2023-10-30T10:34:58","date_gmt":"2023-10-30T09:34:58","guid":{"rendered":"https:\/\/visebois.myskydoowebsite.com\/?page_id=215"},"modified":"2025-07-24T09:24:43","modified_gmt":"2025-07-24T07:24:43","slug":"vetements-chaussures-de-travail","status":"publish","type":"page","link":"https:\/\/visebois.be\/nl\/vetements-chaussures-de-travail\/","title":{"rendered":"Werkkleding &amp; schoeisel"},"content":{"rendered":"<div data-elementor-type=\"wp-page\" data-elementor-id=\"215\" class=\"elementor elementor-215\" data-elementor-post-type=\"page\">\n\t\t\t\t<div class=\"elementor-element elementor-element-727c297f e-flex e-con-boxed e-con e-parent\" data-id=\"727c297f\" data-element_type=\"container\" data-e-type=\"container\" data-settings=\"{&quot;background_background&quot;:&quot;classic&quot;}\">\n\t\t\t\t\t<div class=\"e-con-inner\">\n\t\t\t\t<div class=\"elementor-element elementor-element-a116105 elementor-widget elementor-widget-heading\" data-id=\"a116105\" data-element_type=\"widget\" data-e-type=\"widget\" data-widget_type=\"heading.default\">\n\t\t\t\t<div class=\"elementor-widget-container\">\n\t\t\t\t\t<h1 class=\"elementor-heading-title elementor-size-default\">Kwaliteit Werkkleding<\/h1>\t\t\t\t<\/div>\n\t\t\t\t<\/div>\n\t\t\t\t<div class=\"elementor-element elementor-element-65b682ce elementor-widget-divider--view-line elementor-widget elementor-widget-divider\" data-id=\"65b682ce\" data-element_type=\"widget\" data-e-type=\"widget\" data-widget_type=\"divider.default\">\n\t\t\t\t<div class=\"elementor-widget-container\">\n\t\t\t\t\t\t\t<div class=\"elementor-divider\">\n\t\t\t<span class=\"elementor-divider-separator\">\n\t\t\t\t\t\t<\/span>\n\t\t<\/div>\n\t\t\t\t\t\t<\/div>\n\t\t\t\t<\/div>\n\t\t\t\t<div class=\"elementor-element elementor-element-2cde59ac elementor-widget elementor-widget-heading\" data-id=\"2cde59ac\" data-element_type=\"widget\" data-e-type=\"widget\" data-widget_type=\"heading.default\">\n\t\t\t\t<div class=\"elementor-widget-container\">\n\t\t\t\t\t<h2 class=\"elementor-heading-title elementor-size-default\"> Alledaagse veiligheid en comfort<\/h2>\t\t\t\t<\/div>\n\t\t\t\t<\/div>\n\t\t\t\t<div class=\"elementor-element elementor-element-7027fc47 elementor-align-center elementor-widget elementor-widget-button\" data-id=\"7027fc47\" data-element_type=\"widget\" data-e-type=\"widget\" data-widget_type=\"button.default\">\n\t\t\t\t<div class=\"elementor-widget-container\">\n\t\t\t\t\t\t\t\t\t<div class=\"elementor-button-wrapper\">\n\t\t\t\t\t<a class=\"elementor-button elementor-button-link elementor-size-sm elementor-animation-shrink\" href=\"https:\/\/visebois.be\/nl\/contact\/\">\n\t\t\t\t\t\t<span class=\"elementor-button-content-wrapper\">\n\t\t\t\t\t\t\t\t\t<span class=\"elementor-button-text\">Neem contact met ons op<\/span>\n\t\t\t\t\t<\/span>\n\t\t\t\t\t<\/a>\n\t\t\t\t<\/div>\n\t\t\t\t\t\t\t\t<\/div>\n\t\t\t\t<\/div>\n\t\t\t\t\t<\/div>\n\t\t\t\t<\/div>\n\t\t<div class=\"elementor-element elementor-element-204d0621 e-flex e-con-boxed e-con e-parent\" data-id=\"204d0621\" data-element_type=\"container\" data-e-type=\"container\">\n\t\t\t\t\t<div class=\"e-con-inner\">\n\t\t\t\t<div class=\"elementor-element elementor-element-15ff6505 elementor-widget elementor-widget-heading\" data-id=\"15ff6505\" data-element_type=\"widget\" data-e-type=\"widget\" data-widget_type=\"heading.default\">\n\t\t\t\t<div class=\"elementor-widget-container\">\n\t\t\t\t\t<h2 class=\"elementor-heading-title elementor-size-default\">Professionele veiligheidsuitrusting<\/h2>\t\t\t\t<\/div>\n\t\t\t\t<\/div>\n\t\t\t\t<div class=\"elementor-element elementor-element-7427d980 elementor-widget-divider--view-line elementor-widget elementor-widget-divider\" data-id=\"7427d980\" data-element_type=\"widget\" data-e-type=\"widget\" data-widget_type=\"divider.default\">\n\t\t\t\t<div class=\"elementor-widget-container\">\n\t\t\t\t\t\t\t<div class=\"elementor-divider\">\n\t\t\t<span class=\"elementor-divider-separator\">\n\t\t\t\t\t\t<\/span>\n\t\t<\/div>\n\t\t\t\t\t\t<\/div>\n\t\t\t\t<\/div>\n\t\t\t\t<div class=\"elementor-element elementor-element-3137f812 elementor-widget elementor-widget-heading\" data-id=\"3137f812\" data-element_type=\"widget\" data-e-type=\"widget\" data-widget_type=\"heading.default\">\n\t\t\t\t<div class=\"elementor-widget-container\">\n\t\t\t\t\t<h3 class=\"elementor-heading-title elementor-size-default\">Veilige werkkleding <\/h3>\t\t\t\t<\/div>\n\t\t\t\t<\/div>\n\t\t\t\t<div class=\"elementor-element elementor-element-4f550507 elementor-widget elementor-widget-text-editor\" data-id=\"4f550507\" data-element_type=\"widget\" data-e-type=\"widget\" data-widget_type=\"text-editor.default\">\n\t\t\t\t<div class=\"elementor-widget-container\">\n\t\t\t\t\t\t\t\t\t<p>Bij Vis&amp;Bois in Luik zijn uw veiligheid en comfort onze prioriteit. We werken samen met merken die bekend staan om hun expertise in de productie van werkkleding die slijtvast is en ademend en zacht aanvoelt.<\/p><p>Ironwear\u00ae biedt een compleet assortiment, inclusief shorts, werkbroeken, waterdichte jassen, sweaters, polo's en T-shirts.<\/p><p>Jobman\u00ae staat bekend om zijn broeken, werkvesten, jassen, softshells en veiligheidsbovenkleding, evenals voor een verscheidenheid aan accessoires om aan uw specifieke behoeften te voldoen.<\/p><p>Delta Plus\u00ae is gespecialiseerd in hoofd-, hand-, lichaams- en voetbescherming, evenals in antivaluitrusting. Het brede assortiment resistente en duurzame producten bedekt effectief elk deel van uw lichaam en zorgt voor optimale veiligheid op de werkplek.<\/p><p>Vertrouw op Vis&amp;Bois in Luik voor werkkleding van hoge kwaliteit die u zowel veiligheid als comfort biedt, ongeacht het project dat u uitvoert!<\/p>\t\t\t\t\t\t\t\t<\/div>\n\t\t\t\t<\/div>\n\t\t\t\t\t<\/div>\n\t\t\t\t<\/div>\n\t\t<div class=\"elementor-element elementor-element-47502922 e-con-full e-flex e-con e-parent\" data-id=\"47502922\" data-element_type=\"container\" data-e-type=\"container\">\n\t\t\t\t<div class=\"elementor-element elementor-element-7d45ff38 elementor-arrows-position-inside elementor-widget elementor-widget-image-carousel\" data-id=\"7d45ff38\" data-element_type=\"widget\" data-e-type=\"widget\" data-settings=\"{&quot;slides_to_show&quot;:&quot;5&quot;,&quot;slides_to_scroll&quot;:&quot;2&quot;,&quot;navigation&quot;:&quot;arrows&quot;,&quot;lazyload&quot;:&quot;yes&quot;,&quot;pause_on_hover&quot;:&quot;no&quot;,&quot;image_spacing_custom&quot;:{&quot;unit&quot;:&quot;px&quot;,&quot;size&quot;:10,&quot;sizes&quot;:[]},&quot;slides_to_show_tablet&quot;:&quot;4&quot;,&quot;slides_to_show_mobile&quot;:&quot;2&quot;,&quot;slides_to_scroll_mobile&quot;:&quot;2&quot;,&quot;autoplay&quot;:&quot;yes&quot;,&quot;pause_on_interaction&quot;:&quot;yes&quot;,&quot;autoplay_speed&quot;:5000,&quot;infinite&quot;:&quot;yes&quot;,&quot;speed&quot;:500,&quot;image_spacing_custom_tablet&quot;:{&quot;unit&quot;:&quot;px&quot;,&quot;size&quot;:&quot;&quot;,&quot;sizes&quot;:[]},&quot;image_spacing_custom_mobile&quot;:{&quot;unit&quot;:&quot;px&quot;,&quot;size&quot;:&quot;&quot;,&quot;sizes&quot;:[]}}\" data-widget_type=\"image-carousel.default\">\n\t\t\t\t<div class=\"elementor-widget-container\">\n\t\t\t\t\t\t\t<div class=\"elementor-image-carousel-wrapper swiper\" role=\"region\" aria-roledescription=\"carousel\" aria-label=\"Afbeeldingencarrousel\" dir=\"ltr\">\n\t\t\t<div class=\"elementor-image-carousel swiper-wrapper\" aria-live=\"off\">\n\t\t\t\t\t\t\t\t<div class=\"swiper-slide\" role=\"group\" aria-roledescription=\"slide\" aria-label=\"1 of 12\" data-no-translation-aria-label=\"\"><figure class=\"swiper-slide-inner\"><img class=\"swiper-slide-image swiper-lazy\" data-src=\"https:\/\/visebois.be\/wp-content\/uploads\/elementor\/thumbs\/44870c5f-c01a-442a-82f4-ba52c7389fd1-qvqoamiytgeluww01fqi260uzo0sg8a2xaews0v3j4.jpg\" alt=\"44870c5f-c01a-442a-82f4-ba52c7389fd1\" \/><div class=\"swiper-lazy-preloader\"><\/div><\/figure><\/div><div class=\"swiper-slide\" role=\"group\" aria-roledescription=\"slide\" aria-label=\"2 of 12\" data-no-translation-aria-label=\"\"><figure class=\"swiper-slide-inner\"><img class=\"swiper-slide-image swiper-lazy\" data-src=\"https:\/\/visebois.be\/wp-content\/uploads\/elementor\/thumbs\/40c76156-9aea-4f77-84ca-84123015156c-qvqoe88p0lc6d3nkzzt0m9agyu9fygl1f4fx07irog.jpg\" alt=\"40c76156-9aea-4f77-84ca-84123015156c\" \/><div class=\"swiper-lazy-preloader\"><\/div><\/figure><\/div><div class=\"swiper-slide\" role=\"group\" aria-roledescription=\"slide\" aria-label=\"3 of 12\" data-no-translation-aria-label=\"\"><figure class=\"swiper-slide-inner\"><img class=\"swiper-slide-image swiper-lazy\" data-src=\"https:\/\/visebois.be\/wp-content\/uploads\/elementor\/thumbs\/ced05dc0-afd3-4790-a960-629d06c1469f-qvqoeustkm723qqtc9k2a3lj8369372li83kiulbj4.jpg\" alt=\"ced05dc0-afd3-4790-a960-629d06c1469f\" \/><div class=\"swiper-lazy-preloader\"><\/div><\/figure><\/div><div class=\"swiper-slide\" role=\"group\" aria-roledescription=\"slide\" aria-label=\"4 of 12\" data-no-translation-aria-label=\"\"><figure class=\"swiper-slide-inner\"><img class=\"swiper-slide-image swiper-lazy\" data-src=\"https:\/\/visebois.be\/wp-content\/uploads\/elementor\/thumbs\/IMG_2078-scaled-qf5p6ymcyx9s2zrmvn8zd1a7eilwl0n5ihpfmhew80.jpeg\" alt=\"IMG_2078\" \/><div class=\"swiper-lazy-preloader\"><\/div><\/figure><\/div><div class=\"swiper-slide\" role=\"group\" aria-roledescription=\"slide\" aria-label=\"5 of 12\" data-no-translation-aria-label=\"\"><figure class=\"swiper-slide-inner\"><img class=\"swiper-slide-image swiper-lazy\" data-src=\"https:\/\/visebois.be\/wp-content\/uploads\/elementor\/thumbs\/IMG_2081-scaled-qf5p79wf8xp7ybb91s4i6yfqj52b5dvxk1j9dsy65c.jpeg\" alt=\"IMG_2081\" \/><div class=\"swiper-lazy-preloader\"><\/div><\/figure><\/div><div class=\"swiper-slide\" role=\"group\" aria-roledescription=\"slide\" aria-label=\"6 of 12\" data-no-translation-aria-label=\"\"><figure class=\"swiper-slide-inner\"><img class=\"swiper-slide-image swiper-lazy\" data-src=\"https:\/\/visebois.be\/wp-content\/uploads\/elementor\/thumbs\/8865f4_2ded801cfe5b42ddb66c37ec264e5fc3mv2-qf5pcadfp4k9vg13ry4vhow8l4cs79se8ushixikyo.webp\" alt=\"8865f4_2ded801cfe5b42ddb66c37ec264e5fc3~mv2\" \/><div class=\"swiper-lazy-preloader\"><\/div><\/figure><\/div><div class=\"swiper-slide\" role=\"group\" aria-roledescription=\"slide\" aria-label=\"7 of 12\" data-no-translation-aria-label=\"\"><figure class=\"swiper-slide-inner\"><img class=\"swiper-slide-image swiper-lazy\" data-src=\"https:\/\/visebois.be\/wp-content\/uploads\/elementor\/thumbs\/8865f4_6f2e39c97859479a8942831c5d858efbmv2-qf5pcd6y9mo4u9x0bhcr766md9yvud3l98qxyreeg0.webp\" alt=\"8865f4_6f2e39c97859479a8942831c5d858efb~mv2\" \/><div class=\"swiper-lazy-preloader\"><\/div><\/figure><\/div><div class=\"swiper-slide\" role=\"group\" aria-roledescription=\"slide\" aria-label=\"8 of 12\" data-no-translation-aria-label=\"\"><figure class=\"swiper-slide-inner\"><img class=\"swiper-slide-image swiper-lazy\" data-src=\"https:\/\/visebois.be\/wp-content\/uploads\/elementor\/thumbs\/8865f4_f8337a26d9db4747b1732226828ef20amv2-1-qf5pcwxk95f5m34c47vx5j7aud9lc09ybyg51kl4tc.webp\" alt=\"8865f4_f8337a26d9db4747b1732226828ef20a~mv2\" \/><div class=\"swiper-lazy-preloader\"><\/div><\/figure><\/div><div class=\"swiper-slide\" role=\"group\" aria-roledescription=\"slide\" aria-label=\"9 of 12\" data-no-translation-aria-label=\"\"><figure class=\"swiper-slide-inner\"><img class=\"swiper-slide-image swiper-lazy\" data-src=\"https:\/\/visebois.be\/wp-content\/uploads\/elementor\/thumbs\/DSC04487-qpg7l37fkoejt2fpiifro8xx1g0t5lejfcvjbcl4tc.jpg\" alt=\"DSC04487\" \/><div class=\"swiper-lazy-preloader\"><\/div><\/figure><\/div><div class=\"swiper-slide\" role=\"group\" aria-roledescription=\"slide\" aria-label=\"10 of 12\" data-no-translation-aria-label=\"\"><figure class=\"swiper-slide-inner\"><img class=\"swiper-slide-image swiper-lazy\" data-src=\"https:\/\/visebois.be\/wp-content\/uploads\/elementor\/thumbs\/DSC04485-qpg7jvyuuarcz06iizqxhjupppxxbimvxev78md8rk.jpg\" alt=\"DSC04485\" \/><div class=\"swiper-lazy-preloader\"><\/div><\/figure><\/div><div class=\"swiper-slide\" role=\"group\" aria-roledescription=\"slide\" aria-label=\"11 of 12\" data-no-translation-aria-label=\"\"><figure class=\"swiper-slide-inner\"><img class=\"swiper-slide-image swiper-lazy\" data-src=\"https:\/\/visebois.be\/wp-content\/uploads\/elementor\/thumbs\/DSC04484-qpg7irjsof813rt8309z0c1w65h54j6ffutblq1674.jpg\" alt=\"DSC04484\" \/><div class=\"swiper-lazy-preloader\"><\/div><\/figure><\/div><div class=\"swiper-slide\" role=\"group\" aria-roledescription=\"slide\" aria-label=\"12 of 12\" data-no-translation-aria-label=\"\"><figure class=\"swiper-slide-inner\"><img class=\"swiper-slide-image swiper-lazy\" data-src=\"https:\/\/visebois.be\/wp-content\/uploads\/elementor\/thumbs\/DSC04486-qpg76hrngaf9j1mxqpbbgfj8z1ymmsgl34741o87fk.jpg\" alt=\"DSC04486\" \/><div class=\"swiper-lazy-preloader\"><\/div><\/figure><\/div>\t\t\t<\/div>\n\t\t\t\t\t\t\t\t\t\t\t\t<div class=\"elementor-swiper-button elementor-swiper-button-prev\" role=\"button\" tabindex=\"0\">\n\t\t\t\t\t\t<i aria-hidden=\"true\" class=\"eicon-chevron-left\"><\/i>\t\t\t\t\t<\/div>\n\t\t\t\t\t<div class=\"elementor-swiper-button elementor-swiper-button-next\" role=\"button\" tabindex=\"0\">\n\t\t\t\t\t\t<i aria-hidden=\"true\" class=\"eicon-chevron-right\"><\/i>\t\t\t\t\t<\/div>\n\t\t\t\t\n\t\t\t\t\t\t\t\t\t<\/div>\n\t\t\t\t\t\t<\/div>\n\t\t\t\t<\/div>\n\t\t\t\t<\/div>\n\t\t<div class=\"elementor-element elementor-element-d89fdf0 e-flex e-con-boxed e-con e-parent\" data-id=\"d89fdf0\" data-element_type=\"container\" data-e-type=\"container\">\n\t\t\t\t\t<div class=\"e-con-inner\">\n\t\t\t\t<div class=\"elementor-element elementor-element-1167a60 elementor-widget elementor-widget-heading\" data-id=\"1167a60\" data-element_type=\"widget\" data-e-type=\"widget\" data-widget_type=\"heading.default\">\n\t\t\t\t<div class=\"elementor-widget-container\">\n\t\t\t\t\t<h3 class=\"elementor-heading-title elementor-size-default\">Veiligheidsschoenen<\/h3>\t\t\t\t<\/div>\n\t\t\t\t<\/div>\n\t\t\t\t<div class=\"elementor-element elementor-element-3eca368 elementor-widget elementor-widget-text-editor\" data-id=\"3eca368\" data-element_type=\"widget\" data-e-type=\"widget\" data-widget_type=\"text-editor.default\">\n\t\t\t\t<div class=\"elementor-widget-container\">\n\t\t\t\t\t\t\t\t\t<p>Ontdek ons assortiment veiligheidsschoenen bij Vis&amp;Bois, ontworpen om uw veiligheid op het werk te waarborgen en tegelijkertijd optimaal comfort te bieden. Zet een stap naar bescherming met stijl en betrouwbaarheid.<\/p>\t\t\t\t\t\t\t\t<\/div>\n\t\t\t\t<\/div>\n\t\t\t\t<div class=\"elementor-element elementor-element-1038082 elementor-widget elementor-widget-heading\" data-id=\"1038082\" data-element_type=\"widget\" data-e-type=\"widget\" data-widget_type=\"heading.default\">\n\t\t\t\t<div class=\"elementor-widget-container\">\n\t\t\t\t\t<h3 class=\"elementor-heading-title elementor-size-default\">Ontdek onze Selectie Veiligheidsschoenen<\/h3>\t\t\t\t<\/div>\n\t\t\t\t<\/div>\n\t\t\t\t<div class=\"elementor-element elementor-element-1a43e5a elementor-widget elementor-widget-text-editor\" data-id=\"1a43e5a\" data-element_type=\"widget\" data-e-type=\"widget\" data-widget_type=\"text-editor.default\">\n\t\t\t\t<div class=\"elementor-widget-container\">\n\t\t\t\t\t\t\t\t\t<p>Als u in de bouw, op buitenlocaties of thuis werkt, zijn de veiligheid en het comfort van uw voeten essentieel. Bij Vis&amp;Bois in Luik hebben we merken geselecteerd die deze essenti\u00eble kwaliteiten combineren om u optimale bescherming te bieden.<\/p><p>Puma <strong>Safety\u00ae<\/strong> is een toonaangevend merk in veiligheidsschoenen met een modern design. Ontdek modellen zoals de bestseller Blaze, of kies voor hoge modellen zoals de Atomic Mid of de Sierra Nevada Mid voor extra bescherming.<\/p><p>De schoenen <strong>Sparco<\/strong> worden aanbevolen voor werkzaamheden op locatie. Hun grote sterkte en duurzaamheid garanderen veiligheid tijdens uw bouwprojecten.<\/p><p>Voor professionals die buiten werken, vooral in extreme weersomstandigheden, <strong>Safety Jogger\u00ae<\/strong> is een ideaal merk. Vertrouw op deze schoenen om u in alle situaties te beschermen.<\/p><p>Bij Vis&amp;Bois is de veiligheid van uw voeten onze prioriteit. Ontdek onze selectie van veiligheidsschoenen en kies voor betrouwbaarheid en bescherming voor uw professionele activiteiten of persoonlijke projecten.<\/p>\t\t\t\t\t\t\t\t<\/div>\n\t\t\t\t<\/div>\n\t\t\t\t\t<\/div>\n\t\t\t\t<\/div>\n\t\t<div class=\"elementor-element elementor-element-cbea011 e-flex e-con-boxed e-con e-parent\" data-id=\"cbea011\" data-element_type=\"container\" data-e-type=\"container\" data-settings=\"{&quot;background_background&quot;:&quot;classic&quot;}\">\n\t\t\t\t\t<div class=\"e-con-inner\">\n\t\t\t\t<div class=\"elementor-element elementor-element-5353599c elementor-widget elementor-widget-text-editor\" data-id=\"5353599c\" data-element_type=\"widget\" data-e-type=\"widget\" data-widget_type=\"text-editor.default\">\n\t\t\t\t<div class=\"elementor-widget-container\">\n\t\t\t\t\t\t\t\t\t<p>Op zoek naar kwalitatieve werkkleding en schoeisel in Vis\u00e9? Neem dan nu contact met ons op voor persoonlijk advies en ontdek ons ruime assortiment! Uw veiligheid en comfort op het werk zijn onze prioriteit.<\/p>\t\t\t\t\t\t\t\t<\/div>\n\t\t\t\t<\/div>\n\t\t\t\t<div class=\"elementor-element elementor-element-34d018aa elementor-widget-divider--view-line elementor-widget elementor-widget-divider\" data-id=\"34d018aa\" data-element_type=\"widget\" data-e-type=\"widget\" data-widget_type=\"divider.default\">\n\t\t\t\t<div class=\"elementor-widget-container\">\n\t\t\t\t\t\t\t<div class=\"elementor-divider\">\n\t\t\t<span class=\"elementor-divider-separator\">\n\t\t\t\t\t\t<\/span>\n\t\t<\/div>\n\t\t\t\t\t\t<\/div>\n\t\t\t\t<\/div>\n\t\t<div class=\"elementor-element elementor-element-6c2c3303 e-flex e-con-boxed e-con e-child\" data-id=\"6c2c3303\" data-element_type=\"container\" data-e-type=\"container\">\n\t\t\t\t\t<div class=\"e-con-inner\">\n\t\t\t\t<div class=\"elementor-element elementor-element-428738fb elementor-align-center elementor-widget elementor-widget-button\" data-id=\"428738fb\" data-element_type=\"widget\" data-e-type=\"widget\" data-widget_type=\"button.default\">\n\t\t\t\t<div class=\"elementor-widget-container\">\n\t\t\t\t\t\t\t\t\t<div class=\"elementor-button-wrapper\">\n\t\t\t\t\t<a class=\"elementor-button elementor-button-link elementor-size-sm elementor-animation-shrink\" href=\"https:\/\/visebois.be\/nl\/contact\/\">\n\t\t\t\t\t\t<span class=\"elementor-button-content-wrapper\">\n\t\t\t\t\t\t\t\t\t<span class=\"elementor-button-text\">Ik heb informatie nodig<\/span>\n\t\t\t\t\t<\/span>\n\t\t\t\t\t<\/a>\n\t\t\t\t<\/div>\n\t\t\t\t\t\t\t\t<\/div>\n\t\t\t\t<\/div>\n\t\t\t\t<div class=\"elementor-element elementor-element-74d06c04 elementor-align-center elementor-widget elementor-widget-button\" data-id=\"74d06c04\" data-element_type=\"widget\" data-e-type=\"widget\" data-widget_type=\"button.default\">\n\t\t\t\t<div class=\"elementor-widget-container\">\n\t\t\t\t\t\t\t\t\t<div class=\"elementor-button-wrapper\">\n\t\t\t\t\t<a class=\"elementor-button elementor-button-link elementor-size-sm elementor-animation-shrink\" href=\"https:\/\/visebois.be\/nl\/services-visbois-a-vise-decoupe-pliage-affutage-cles\/\">\n\t\t\t\t\t\t<span class=\"elementor-button-content-wrapper\">\n\t\t\t\t\t\t\t\t\t<span class=\"elementor-button-text\">Ontdek onze diensten<\/span>\n\t\t\t\t\t<\/span>\n\t\t\t\t\t<\/a>\n\t\t\t\t<\/div>\n\t\t\t\t\t\t\t\t<\/div>\n\t\t\t\t<\/div>\n\t\t\t\t\t<\/div>\n\t\t\t\t<\/div>\n\t\t\t\t\t<\/div>\n\t\t\t\t<\/div>\n\t\t\t\t<\/div>","protected":false},"excerpt":{"rendered":"<p>V\u00eatements de Travail de Qualit\u00e9 S\u00e9curit\u00e9 et Confort au Quotidien Contactez-nous \u00c9quipements de S\u00e9curit\u00e9 Professionnels Des v\u00eatements de travail s\u00e9curisants Chez Vis&amp;Bois \u00e0 Li\u00e8ge, votre s\u00e9curit\u00e9 et votre confort sont notre priorit\u00e9. Nous travaillons en partenariat avec des marques reconnues pour leur expertise dans la fabrication de v\u00eatements de travail r\u00e9sistants, respirants et doux au [&hellip;]<\/p>\n","protected":false},"author":1,"featured_media":0,"parent":0,"menu_order":0,"comment_status":"closed","ping_status":"closed","template":"","meta":{"footnotes":""},"class_list":["post-215","page","type-page","status-publish","hentry"],"_links":{"self":[{"href":"https:\/\/visebois.be\/nl\/wp-json\/wp\/v2\/pages\/215","targetHints":{"allow":["GET"]}}],"collection":[{"href":"https:\/\/visebois.be\/nl\/wp-json\/wp\/v2\/pages"}],"about":[{"href":"https:\/\/visebois.be\/nl\/wp-json\/wp\/v2\/types\/page"}],"author":[{"embeddable":true,"href":"https:\/\/visebois.be\/nl\/wp-json\/wp\/v2\/users\/1"}],"replies":[{"embeddable":true,"href":"https:\/\/visebois.be\/nl\/wp-json\/wp\/v2\/comments?post=215"}],"version-history":[{"count":0,"href":"https:\/\/visebois.be\/nl\/wp-json\/wp\/v2\/pages\/215\/revisions"}],"wp:attachment":[{"href":"https:\/\/visebois.be\/nl\/wp-json\/wp\/v2\/media?parent=215"}],"curies":[{"name":"wp","href":"https:\/\/api.w.org\/{rel}","templated":true}]}}